{"id":7,"date":"2024-01-05T11:46:10","date_gmt":"2024-01-05T11:46:10","guid":{"rendered":"https:\/\/gazondepescay.live-website.com\/?page_id=7"},"modified":"2026-03-05T21:36:59","modified_gmt":"2026-03-05T21:36:59","slug":"accueil","status":"publish","type":"page","link":"https:\/\/pescay.com\/","title":{"rendered":"accueil"},"content":{"rendered":"\t\t<div data-elementor-type=\"wp-post\" data-elementor-id=\"7\" class=\"elementor elementor-7\">\n\t\t\t\t<div class=\"elementor-element elementor-element-ec9b86b e-flex e-con-boxed e-con e-parent\" data-id=\"ec9b86b\" data-element_type=\"container\" data-e-type=\"container\" data-settings=\"{&quot;background_background&quot;:&quot;classic&quot;}\">\n\t\t\t\t\t<div class=\"e-con-inner\">\n\t\t\t\t<div class=\"elementor-element elementor-element-6563274 elementor-widget elementor-widget-heading\" data-id=\"6563274\" data-element_type=\"widget\" data-e-type=\"widget\" data-widget_type=\"heading.default\">\n\t\t\t\t<div class=\"elementor-widget-container\">\n\t\t\t\t\t<h1 class=\"elementor-heading-title elementor-size-default\">Gazon en rouleaux, Tarn et Garonne 82<\/h1>\t\t\t\t<\/div>\n\t\t\t\t<\/div>\n\t\t\t\t<div class=\"elementor-element elementor-element-767c95e elementor-widget elementor-widget-text-editor\" data-id=\"767c95e\" data-element_type=\"widget\" data-e-type=\"widget\" data-widget_type=\"text-editor.default\">\n\t\t\t\t<div class=\"elementor-widget-container\">\n\t\t\t\t\t\t\t\t\t<p>Nous cultivons du gazon utilis\u00e9&nbsp;<span style=\"color: var(--sydney-text-color); text-align: var(--text-align);\">pour un grand nombre d\u2019applications domestiques et commerciales :<\/span><\/p>\t\t\t\t\t\t\t\t<\/div>\n\t\t\t\t<\/div>\n\t\t\t\t\t<\/div>\n\t\t\t\t<\/div>\n\t\t<div class=\"elementor-element elementor-element-0f3a758 e-flex e-con-boxed e-con e-parent\" data-id=\"0f3a758\" data-element_type=\"container\" data-e-type=\"container\" data-settings=\"{&quot;background_background&quot;:&quot;classic&quot;}\">\n\t\t\t\t\t<div class=\"e-con-inner\">\n\t\t<div class=\"elementor-element elementor-element-5cadac8 e-con-full e-flex e-con e-child\" data-id=\"5cadac8\" data-element_type=\"container\" data-e-type=\"container\">\n\t\t\t\t<div class=\"elementor-element elementor-element-43f2c54 elementor-widget elementor-widget-text-editor\" data-id=\"43f2c54\" data-element_type=\"widget\" data-e-type=\"widget\" data-widget_type=\"text-editor.default\">\n\t\t\t\t<div class=\"elementor-widget-container\">\n\t\t\t\t\t\t\t\t\t<p>\u2022 les pelouses de jardins<br>\u2022 les terrains de sports<br>\u2022 les parcs publics<\/p>\t\t\t\t\t\t\t\t<\/div>\n\t\t\t\t<\/div>\n\t\t\t\t<\/div>\n\t\t<div class=\"elementor-element elementor-element-003058a e-con-full e-flex e-con e-child\" data-id=\"003058a\" data-element_type=\"container\" data-e-type=\"container\">\n\t\t\t\t<div class=\"elementor-element elementor-element-a1cc4f9 elementor-widget elementor-widget-text-editor\" data-id=\"a1cc4f9\" data-element_type=\"widget\" data-e-type=\"widget\" data-widget_type=\"text-editor.default\">\n\t\t\t\t<div class=\"elementor-widget-container\">\n\t\t\t\t\t\t\t\t\t<p>\u2022 les jardins d\u00e9coratifs<br \/>\u2022 les parc industriels<br \/>\u2022 les spectacles \/ expositions<\/p>\t\t\t\t\t\t\t\t<\/div>\n\t\t\t\t<\/div>\n\t\t\t\t<\/div>\n\t\t\t\t\t<\/div>\n\t\t\t\t<\/div>\n\t\t<div class=\"elementor-element elementor-element-40c99dd e-con-full e-flex e-con e-parent\" data-id=\"40c99dd\" data-element_type=\"container\" data-e-type=\"container\" data-settings=\"{&quot;background_background&quot;:&quot;classic&quot;}\">\n\t\t<div class=\"elementor-element elementor-element-ef70b52 e-con-full e-flex e-con e-child\" data-id=\"ef70b52\" data-element_type=\"container\" data-e-type=\"container\">\n\t\t\t\t<div class=\"elementor-element elementor-element-1e87f63 elementor-arrows-position-inside elementor-pagination-position-outside elementor-invisible elementor-widget elementor-widget-image-carousel\" data-id=\"1e87f63\" data-element_type=\"widget\" data-e-type=\"widget\" data-settings=\"{&quot;slides_to_show&quot;:&quot;2&quot;,&quot;_animation&quot;:&quot;fadeInUp&quot;,&quot;lazyload&quot;:&quot;yes&quot;,&quot;pause_on_hover&quot;:&quot;no&quot;,&quot;pause_on_interaction&quot;:&quot;no&quot;,&quot;autoplay_speed&quot;:10000,&quot;speed&quot;:1000,&quot;navigation&quot;:&quot;both&quot;,&quot;autoplay&quot;:&quot;yes&quot;,&quot;infinite&quot;:&quot;yes&quot;}\" data-widget_type=\"image-carousel.default\">\n\t\t\t\t<div class=\"elementor-widget-container\">\n\t\t\t\t\t\t\t<div class=\"elementor-image-carousel-wrapper swiper\" role=\"region\" aria-roledescription=\"carousel\" aria-label=\"Carrousel d\u2019images\" dir=\"ltr\">\n\t\t\t<div class=\"elementor-image-carousel swiper-wrapper\" aria-live=\"off\">\n\t\t\t\t\t\t\t\t<div class=\"swiper-slide\" role=\"group\" aria-roledescription=\"slide\" aria-label=\"1 sur 7\"><figure class=\"swiper-slide-inner\"><img class=\"swiper-slide-image swiper-lazy\" data-src=\"https:\/\/pescay.com\/wp-content\/uploads\/elementor\/thumbs\/gazon_deplaque-qihzt4iiuwdc3tc35mk8n8vosiwduvn2acolzs779k.jpg\" alt=\"Le green chez vous!\" \/><div class=\"swiper-lazy-preloader\"><\/div><\/figure><\/div><div class=\"swiper-slide\" role=\"group\" aria-roledescription=\"slide\" aria-label=\"2 sur 7\"><figure class=\"swiper-slide-inner\"><img class=\"swiper-slide-image swiper-lazy\" data-src=\"https:\/\/pescay.com\/wp-content\/uploads\/elementor\/thumbs\/palette_de_rouleaux-qihzt4iiuwdc3tc35mk8n8vosiwduvn2acolzs779k.jpg\" alt=\"Palette de rouleaux de gazon de Pescay\" \/><div class=\"swiper-lazy-preloader\"><\/div><\/figure><\/div><div class=\"swiper-slide\" role=\"group\" aria-roledescription=\"slide\" aria-label=\"3 sur 7\"><figure class=\"swiper-slide-inner\"><img class=\"swiper-slide-image swiper-lazy\" data-src=\"https:\/\/gazondepescay.live-website.com\/wp-content\/uploads\/2024\/01\/Pescay_champ_deplaqueuse.jpg\" alt=\"\" \/><div class=\"swiper-lazy-preloader\"><\/div><\/figure><\/div><div class=\"swiper-slide\" role=\"group\" aria-roledescription=\"slide\" aria-label=\"4 sur 7\"><figure class=\"swiper-slide-inner\"><img class=\"swiper-slide-image swiper-lazy\" data-src=\"https:\/\/pescay.com\/wp-content\/uploads\/elementor\/thumbs\/Pescay_champ-qihzt5gd1qemffaq04yv7qn5dwrr2kqsmhc3h25t3c.jpg\" alt=\"Les belles gazonni\u00e8res de Pescay \u00e0 Mas Grenier pr\u00e8s de Montauban\" \/><div class=\"swiper-lazy-preloader\"><\/div><\/figure><\/div><div class=\"swiper-slide\" role=\"group\" aria-roledescription=\"slide\" aria-label=\"5 sur 7\"><figure class=\"swiper-slide-inner\"><img class=\"swiper-slide-image swiper-lazy\" data-src=\"https:\/\/pescay.com\/wp-content\/uploads\/elementor\/thumbs\/pescay_champs_rouleux-qihzt6e78kfwr19cundhs8elzan4a9uiylzkyc4ex4.jpg\" alt=\"Gazon de Pescay conditionn\u00e9 en palettes\" \/><div class=\"swiper-lazy-preloader\"><\/div><\/figure><\/div><div class=\"swiper-slide\" role=\"group\" aria-roledescription=\"slide\" aria-label=\"6 sur 7\"><figure class=\"swiper-slide-inner\"><img class=\"swiper-slide-image swiper-lazy\" data-src=\"https:\/\/pescay.com\/wp-content\/uploads\/elementor\/thumbs\/pescay_champs_tracteur-qihzt6e78kfwr19cundhs8elzan4a9uiylzkyc4ex4.jpg\" alt=\"Le gazon se d\u00e9place !\" \/><div class=\"swiper-lazy-preloader\"><\/div><\/figure><\/div><div class=\"swiper-slide\" role=\"group\" aria-roledescription=\"slide\" aria-label=\"7 sur 7\"><figure class=\"swiper-slide-inner\"><img class=\"swiper-slide-image swiper-lazy\" data-src=\"https:\/\/gazondepescay.live-website.com\/wp-content\/uploads\/2024\/01\/pescay_gazon_deplaque-1.jpg\" alt=\"\" \/><div class=\"swiper-lazy-preloader\"><\/div><\/figure><\/div>\t\t\t<\/div>\n\t\t\t\t\t\t\t\t\t\t\t\t<div class=\"elementor-swiper-button elementor-swiper-button-prev\" role=\"button\" tabindex=\"0\">\n\t\t\t\t\t\t<svg aria-hidden=\"true\" class=\"e-font-icon-svg e-eicon-chevron-left\" viewBox=\"0 0 1000 1000\" xmlns=\"http:\/\/www.w3.org\/2000\/svg\"><path d=\"M646 125C629 125 613 133 604 142L308 442C296 454 292 471 292 487 292 504 296 521 308 533L604 854C617 867 629 875 646 875 663 875 679 871 692 858 704 846 713 829 713 812 713 796 708 779 692 767L438 487 692 225C700 217 708 204 708 187 708 171 704 154 692 142 675 129 663 125 646 125Z\"><\/path><\/svg>\t\t\t\t\t<\/div>\n\t\t\t\t\t<div class=\"elementor-swiper-button elementor-swiper-button-next\" role=\"button\" tabindex=\"0\">\n\t\t\t\t\t\t<svg aria-hidden=\"true\" class=\"e-font-icon-svg e-eicon-chevron-right\" viewBox=\"0 0 1000 1000\" xmlns=\"http:\/\/www.w3.org\/2000\/svg\"><path d=\"M696 533C708 521 713 504 713 487 713 471 708 454 696 446L400 146C388 133 375 125 354 125 338 125 325 129 313 142 300 154 292 171 292 187 292 204 296 221 308 233L563 492 304 771C292 783 288 800 288 817 288 833 296 850 308 863 321 871 338 875 354 875 371 875 388 867 400 854L696 533Z\"><\/path><\/svg>\t\t\t\t\t<\/div>\n\t\t\t\t\n\t\t\t\t\t\t\t\t\t<div class=\"swiper-pagination\"><\/div>\n\t\t\t\t\t\t\t\t\t<\/div>\n\t\t\t\t\t\t<\/div>\n\t\t\t\t<\/div>\n\t\t\t\t<div class=\"elementor-element elementor-element-39cc0e3 elementor-widget elementor-widget-text-editor\" data-id=\"39cc0e3\" data-element_type=\"widget\" data-e-type=\"widget\" data-widget_type=\"text-editor.default\">\n\t\t\t\t<div class=\"elementor-widget-container\">\n\t\t\t\t\t\t\t\t\t<p>Vendant exclusivement le gazon que nous cultivons dans notre domaine, utilisant nos propres sp\u00e9cialistes et notre \u00e9quipement adapt\u00e9, nous livrons \u00e0 travers la France enti\u00e8re.<\/p>\t\t\t\t\t\t\t\t<\/div>\n\t\t\t\t<\/div>\n\t\t\t\t<div class=\"elementor-element elementor-element-fe81e5f elementor-widget elementor-widget-text-editor\" data-id=\"fe81e5f\" data-element_type=\"widget\" data-e-type=\"widget\" data-widget_type=\"text-editor.default\">\n\t\t\t\t<div class=\"elementor-widget-container\">\n\t\t\t\t\t\t\t\t\t<p><span style=\"text-align: var(--text-align); color: var(--sydney-text-color);\">Nous vous proposons aussi un service d&rsquo;installation professionnel pour un am\u00e9nagement complet ex\u00e9cut\u00e9 par notre\u00a0<\/span><span style=\"text-align: var(--text-align); color: var(--sydney-text-color);\">\u00e9quipe de sp\u00e9cialistes.<\/span><\/p><p><span style=\"color: var(--sydney-text-color); text-align: var(--text-align);\">Si vous ne pouvez pas trouver la r\u00e9ponse \u00e0 une question ou si vous souhaitez une information compl\u00e9mentaire,\u00a0 n\u2019h\u00e9sitez pas \u00e0 nous\u00a0<\/span><span style=\"color: var(--sydney-text-color); text-align: var(--text-align);\">contacter.<\/span><\/p>\t\t\t\t\t\t\t\t<\/div>\n\t\t\t\t<\/div>\n\t\t\t\t<div class=\"elementor-element elementor-element-626d0e1 elementor-invisible elementor-widget elementor-widget-heading\" data-id=\"626d0e1\" data-element_type=\"widget\" data-e-type=\"widget\" data-settings=\"{&quot;_animation&quot;:&quot;fadeInLeft&quot;}\" data-widget_type=\"heading.default\">\n\t\t\t\t<div class=\"elementor-widget-container\">\n\t\t\t\t\t<h2 class=\"elementor-heading-title elementor-size-default\">\u201cDe p\u00e8re en fils, \n50 ans d\u2019exp\u00e9rience\u201d<\/h2>\t\t\t\t<\/div>\n\t\t\t\t<\/div>\n\t\t\t\t<div class=\"elementor-element elementor-element-2fa5d15 elementor-widget elementor-widget-text-editor\" data-id=\"2fa5d15\" data-element_type=\"widget\" data-e-type=\"widget\" data-widget_type=\"text-editor.default\">\n\t\t\t\t<div class=\"elementor-widget-container\">\n\t\t\t\t\t\t\t\t\t<p><b>Etabli en 1973 les Gazonni\u00e8res de Pesc\u00e4y sont une entreprise familiale g\u00e9r\u00e9e par&nbsp;<span style=\"text-align: var(--text-align); color: var(--sydney-text-color);\">Gilles Bezard-Falgas &amp; Emmanuel Bezard-Falgas.<\/span><\/b><\/p>\n<p><span style=\"color: var(--sydney-text-color); text-align: var(--text-align);\">Le gazon est cultiv\u00e9 au Domaine de Pesc\u00e4y qui se trouve au sud-ouest de Montauban dans le Tarn et Garonne, pr\u00e8s de Toulouse.<\/span><\/p>\n<p><span style=\"color: var(--sydney-text-color); text-align: var(--text-align);\">Parce que nous vendons exclusivement le gazon que nous cultivons,&nbsp; nous apportons le plus grand soin dans la composition des graines, l\u2019ensemencement, la culture,&nbsp;<\/span><span style=\"text-align: var(--text-align); color: var(--sydney-text-color);\">le d\u00e9placage, et la livraison.<\/span><\/p>\t\t\t\t\t\t\t\t<\/div>\n\t\t\t\t<\/div>\n\t\t\t\t<div class=\"elementor-element elementor-element-43c5258 elementor-widget elementor-widget-text-editor\" data-id=\"43c5258\" data-element_type=\"widget\" data-e-type=\"widget\" data-widget_type=\"text-editor.default\">\n\t\t\t\t<div class=\"elementor-widget-container\">\n\t\t\t\t\t\t\t\t\t<p><span style=\"color: var(--sydney-text-color); text-align: var(--text-align);\">Etant de vrais professionnels, nous sommes \u00e0 la disposition de nos clients quelque\u00a0<\/span><span style=\"color: var(--sydney-text-color); text-align: var(--text-align);\">soit la\u00a0<\/span><a href=\"https:\/\/pescay.com\/calcul\" target=\"_blank\" rel=\"noopener\"><u>quantit\u00e9<\/u><\/a><span style=\"color: var(--sydney-text-color); text-align: var(--text-align);\">\u00a0du gazon command\u00e9.<\/span><\/p>\t\t\t\t\t\t\t\t<\/div>\n\t\t\t\t<\/div>\n\t\t\t\t<div class=\"elementor-element elementor-element-ce31d41 elementor-widget elementor-widget-text-editor\" data-id=\"ce31d41\" data-element_type=\"widget\" data-e-type=\"widget\" data-widget_type=\"text-editor.default\">\n\t\t\t\t<div class=\"elementor-widget-container\">\n\t\t\t\t\t\t\t\t\t<p>Si vous souhaitez voir une liste de clients qui appr\u00e9cient le gazon de Pescay <a href=\"https:\/\/pescay.com\/references\"><span style=\"text-decoration: underline;\">cliquez ici<\/span><\/a>.<\/p>\t\t\t\t\t\t\t\t<\/div>\n\t\t\t\t<\/div>\n\t\t\t\t<div class=\"elementor-element elementor-element-72a51d9 elementor-widget elementor-widget-text-editor\" data-id=\"72a51d9\" data-element_type=\"widget\" data-e-type=\"widget\" data-widget_type=\"text-editor.default\">\n\t\t\t\t<div class=\"elementor-widget-container\">\n\t\t\t\t\t\t\t\t\t<p>Si vous souhaitez des informations sur la disponibilit\u00e9 d&rsquo;un type de&nbsp;<a href=\"https:\/\/pescay.com\/gazons\" target=\"_blank\"><u>gazon&nbsp;sp\u00e9cifique<\/u>&nbsp;<\/a>ou pour une commande particuli\u00e8re; nous saurons vous conseiller.<\/p>\t\t\t\t\t\t\t\t<\/div>\n\t\t\t\t<\/div>\n\t\t\t\t<\/div>\n\t\t\t\t<\/div>\n\t\t\t\t<\/div>\n\t\t","protected":false},"excerpt":{"rendered":"<p>Gazon en rouleaux, Tarn et Garonne 82 Nous cultivons du gazon utilis\u00e9&nbsp;pour un grand nombre d\u2019applications domestiques et commerciales : \u2022 les [&hellip;]<\/p>\n","protected":false},"author":1,"featured_media":266,"parent":0,"menu_order":0,"comment_status":"closed","ping_status":"closed","template":"","meta":{"footnotes":""},"class_list":["post-7","page","type-page","status-publish","has-post-thumbnail","hentry"],"yoast_head":"<!-- This site is optimized with the Yoast SEO plugin v27.4 - https:\/\/yoast.com\/product\/yoast-seo-wordpress\/ -->\n<title>accueil - pescay<\/title>\n<meta name=\"description\" content=\"GAZON EN ROULEAU TARN ET GARONNE. Pescay livre son gazon en rouleau en direct du producteur. Vente de gazon naturel en plaque pour les particuliers et les professionnels depuis plus de 50 ans en Tarn et Garonne.\" \/>\n<meta name=\"robots\" content=\"index, follow, max-snippet:-1, max-image-preview:large, max-video-preview:-1\" \/>\n<link rel=\"canonical\" href=\"https:\/\/pescay.com\/\" \/>\n<meta property=\"og:locale\" content=\"fr_FR\" \/>\n<meta property=\"og:type\" content=\"article\" \/>\n<meta property=\"og:title\" content=\"Gazon de Pescay\" \/>\n<meta property=\"og:description\" content=\"GAZON EN ROULEAU TARN ET GARONNE. Pescay livre son gazon en rouleau en direct du producteur. Vente de gazon naturel en plaque pour les particuliers et les professionnels depuis plus de 50 ans en Tarn et Garonne.\" \/>\n<meta property=\"og:url\" content=\"https:\/\/pescay.com\/\" \/>\n<meta property=\"og:site_name\" content=\"pescay\" \/>\n<meta property=\"article:publisher\" content=\"https:\/\/www.facebook.com\/Gazondepescay\" \/>\n<meta property=\"article:modified_time\" content=\"2026-03-05T21:36:59+00:00\" \/>\n<meta name=\"twitter:card\" content=\"summary_large_image\" \/>\n<meta name=\"twitter:image\" content=\"https:\/\/pescay.com\/wp-content\/uploads\/2024\/01\/INSTAL5_deroulement-1.jpg\" \/>\n<meta name=\"twitter:label1\" content=\"Dur\u00e9e de lecture estim\u00e9e\" \/>\n\t<meta name=\"twitter:data1\" content=\"4 minutes\" \/>\n<script type=\"application\/ld+json\" class=\"yoast-schema-graph\">{\"@context\":\"https:\\\/\\\/schema.org\",\"@graph\":[{\"@type\":\"WebPage\",\"@id\":\"https:\\\/\\\/pescay.com\\\/\",\"url\":\"https:\\\/\\\/pescay.com\\\/\",\"name\":\"accueil - pescay\",\"isPartOf\":{\"@id\":\"https:\\\/\\\/pescay.com\\\/#website\"},\"primaryImageOfPage\":{\"@id\":\"https:\\\/\\\/pescay.com\\\/#primaryimage\"},\"image\":{\"@id\":\"https:\\\/\\\/pescay.com\\\/#primaryimage\"},\"thumbnailUrl\":\"https:\\\/\\\/pescay.com\\\/wp-content\\\/uploads\\\/2024\\\/01\\\/INSTAL5_deroulement-1.jpg\",\"datePublished\":\"2024-01-05T11:46:10+00:00\",\"dateModified\":\"2026-03-05T21:36:59+00:00\",\"description\":\"GAZON EN ROULEAU TARN ET GARONNE. Pescay livre son gazon en rouleau en direct du producteur. Vente de gazon naturel en plaque pour les particuliers et les professionnels depuis plus de 50 ans en Tarn et Garonne.\",\"breadcrumb\":{\"@id\":\"https:\\\/\\\/pescay.com\\\/#breadcrumb\"},\"inLanguage\":\"fr-FR\",\"potentialAction\":[{\"@type\":\"ReadAction\",\"target\":[\"https:\\\/\\\/pescay.com\\\/\"]}]},{\"@type\":\"ImageObject\",\"inLanguage\":\"fr-FR\",\"@id\":\"https:\\\/\\\/pescay.com\\\/#primaryimage\",\"url\":\"https:\\\/\\\/pescay.com\\\/wp-content\\\/uploads\\\/2024\\\/01\\\/INSTAL5_deroulement-1.jpg\",\"contentUrl\":\"https:\\\/\\\/pescay.com\\\/wp-content\\\/uploads\\\/2024\\\/01\\\/INSTAL5_deroulement-1.jpg\",\"width\":400,\"height\":400,\"caption\":\"Chaque plaque de gazon de Pescay vient avec un bon 4 cm de terre v\u00e9g\u00e9tale\"},{\"@type\":\"BreadcrumbList\",\"@id\":\"https:\\\/\\\/pescay.com\\\/#breadcrumb\",\"itemListElement\":[{\"@type\":\"ListItem\",\"position\":1,\"name\":\"Accueil\",\"item\":\"https:\\\/\\\/pescay.com\\\/\"},{\"@type\":\"ListItem\",\"position\":2,\"name\":\"accueil\"}]},{\"@type\":\"WebSite\",\"@id\":\"https:\\\/\\\/pescay.com\\\/#website\",\"url\":\"https:\\\/\\\/pescay.com\\\/\",\"name\":\"Gazon de Pescay\",\"description\":\"Rouleaux de gazon, France sud-ouest\",\"publisher\":{\"@id\":\"https:\\\/\\\/pescay.com\\\/#organization\"},\"alternateName\":\"Gazonni\u00e8res de Pescay\",\"potentialAction\":[{\"@type\":\"SearchAction\",\"target\":{\"@type\":\"EntryPoint\",\"urlTemplate\":\"https:\\\/\\\/pescay.com\\\/?s={search_term_string}\"},\"query-input\":{\"@type\":\"PropertyValueSpecification\",\"valueRequired\":true,\"valueName\":\"search_term_string\"}}],\"inLanguage\":\"fr-FR\"},{\"@type\":\"Organization\",\"@id\":\"https:\\\/\\\/pescay.com\\\/#organization\",\"name\":\"Gazonnieres Pescay\",\"url\":\"https:\\\/\\\/pescay.com\\\/\",\"logo\":{\"@type\":\"ImageObject\",\"inLanguage\":\"fr-FR\",\"@id\":\"https:\\\/\\\/pescay.com\\\/#\\\/schema\\\/logo\\\/image\\\/\",\"url\":\"https:\\\/\\\/pescay.com\\\/wp-content\\\/uploads\\\/2024\\\/02\\\/Site_image.jpg\",\"contentUrl\":\"https:\\\/\\\/pescay.com\\\/wp-content\\\/uploads\\\/2024\\\/02\\\/Site_image.jpg\",\"width\":1200,\"height\":675,\"caption\":\"Gazonnieres Pescay\"},\"image\":{\"@id\":\"https:\\\/\\\/pescay.com\\\/#\\\/schema\\\/logo\\\/image\\\/\"},\"sameAs\":[\"https:\\\/\\\/www.facebook.com\\\/Gazondepescay\",\"https:\\\/\\\/www.linkedin.com\\\/in\\\/gilles-bezard-falgas-932b81105\\\/\"]}]}<\/script>\n<!-- \/ Yoast SEO plugin. -->","yoast_head_json":{"title":"accueil - pescay","description":"GAZON EN ROULEAU TARN ET GARONNE. Pescay livre son gazon en rouleau en direct du producteur. Vente de gazon naturel en plaque pour les particuliers et les professionnels depuis plus de 50 ans en Tarn et Garonne.","robots":{"index":"index","follow":"follow","max-snippet":"max-snippet:-1","max-image-preview":"max-image-preview:large","max-video-preview":"max-video-preview:-1"},"canonical":"https:\/\/pescay.com\/","og_locale":"fr_FR","og_type":"article","og_title":"Gazon de Pescay","og_description":"GAZON EN ROULEAU TARN ET GARONNE. Pescay livre son gazon en rouleau en direct du producteur. Vente de gazon naturel en plaque pour les particuliers et les professionnels depuis plus de 50 ans en Tarn et Garonne.","og_url":"https:\/\/pescay.com\/","og_site_name":"pescay","article_publisher":"https:\/\/www.facebook.com\/Gazondepescay","article_modified_time":"2026-03-05T21:36:59+00:00","twitter_card":"summary_large_image","twitter_image":"https:\/\/pescay.com\/wp-content\/uploads\/2024\/01\/INSTAL5_deroulement-1.jpg","twitter_misc":{"Dur\u00e9e de lecture estim\u00e9e":"4 minutes"},"schema":{"@context":"https:\/\/schema.org","@graph":[{"@type":"WebPage","@id":"https:\/\/pescay.com\/","url":"https:\/\/pescay.com\/","name":"accueil - pescay","isPartOf":{"@id":"https:\/\/pescay.com\/#website"},"primaryImageOfPage":{"@id":"https:\/\/pescay.com\/#primaryimage"},"image":{"@id":"https:\/\/pescay.com\/#primaryimage"},"thumbnailUrl":"https:\/\/pescay.com\/wp-content\/uploads\/2024\/01\/INSTAL5_deroulement-1.jpg","datePublished":"2024-01-05T11:46:10+00:00","dateModified":"2026-03-05T21:36:59+00:00","description":"GAZON EN ROULEAU TARN ET GARONNE. Pescay livre son gazon en rouleau en direct du producteur. Vente de gazon naturel en plaque pour les particuliers et les professionnels depuis plus de 50 ans en Tarn et Garonne.","breadcrumb":{"@id":"https:\/\/pescay.com\/#breadcrumb"},"inLanguage":"fr-FR","potentialAction":[{"@type":"ReadAction","target":["https:\/\/pescay.com\/"]}]},{"@type":"ImageObject","inLanguage":"fr-FR","@id":"https:\/\/pescay.com\/#primaryimage","url":"https:\/\/pescay.com\/wp-content\/uploads\/2024\/01\/INSTAL5_deroulement-1.jpg","contentUrl":"https:\/\/pescay.com\/wp-content\/uploads\/2024\/01\/INSTAL5_deroulement-1.jpg","width":400,"height":400,"caption":"Chaque plaque de gazon de Pescay vient avec un bon 4 cm de terre v\u00e9g\u00e9tale"},{"@type":"BreadcrumbList","@id":"https:\/\/pescay.com\/#breadcrumb","itemListElement":[{"@type":"ListItem","position":1,"name":"Accueil","item":"https:\/\/pescay.com\/"},{"@type":"ListItem","position":2,"name":"accueil"}]},{"@type":"WebSite","@id":"https:\/\/pescay.com\/#website","url":"https:\/\/pescay.com\/","name":"Gazon de Pescay","description":"Rouleaux de gazon, France sud-ouest","publisher":{"@id":"https:\/\/pescay.com\/#organization"},"alternateName":"Gazonni\u00e8res de Pescay","potentialAction":[{"@type":"SearchAction","target":{"@type":"EntryPoint","urlTemplate":"https:\/\/pescay.com\/?s={search_term_string}"},"query-input":{"@type":"PropertyValueSpecification","valueRequired":true,"valueName":"search_term_string"}}],"inLanguage":"fr-FR"},{"@type":"Organization","@id":"https:\/\/pescay.com\/#organization","name":"Gazonnieres Pescay","url":"https:\/\/pescay.com\/","logo":{"@type":"ImageObject","inLanguage":"fr-FR","@id":"https:\/\/pescay.com\/#\/schema\/logo\/image\/","url":"https:\/\/pescay.com\/wp-content\/uploads\/2024\/02\/Site_image.jpg","contentUrl":"https:\/\/pescay.com\/wp-content\/uploads\/2024\/02\/Site_image.jpg","width":1200,"height":675,"caption":"Gazonnieres Pescay"},"image":{"@id":"https:\/\/pescay.com\/#\/schema\/logo\/image\/"},"sameAs":["https:\/\/www.facebook.com\/Gazondepescay","https:\/\/www.linkedin.com\/in\/gilles-bezard-falgas-932b81105\/"]}]}},"_links":{"self":[{"href":"https:\/\/pescay.com\/index.php?rest_route=\/wp\/v2\/pages\/7","targetHints":{"allow":["GET"]}}],"collection":[{"href":"https:\/\/pescay.com\/index.php?rest_route=\/wp\/v2\/pages"}],"about":[{"href":"https:\/\/pescay.com\/index.php?rest_route=\/wp\/v2\/types\/page"}],"author":[{"embeddable":true,"href":"https:\/\/pescay.com\/index.php?rest_route=\/wp\/v2\/users\/1"}],"replies":[{"embeddable":true,"href":"https:\/\/pescay.com\/index.php?rest_route=%2Fwp%2Fv2%2Fcomments&post=7"}],"version-history":[{"count":34,"href":"https:\/\/pescay.com\/index.php?rest_route=\/wp\/v2\/pages\/7\/revisions"}],"predecessor-version":[{"id":964,"href":"https:\/\/pescay.com\/index.php?rest_route=\/wp\/v2\/pages\/7\/revisions\/964"}],"wp:featuredmedia":[{"embeddable":true,"href":"https:\/\/pescay.com\/index.php?rest_route=\/wp\/v2\/media\/266"}],"wp:attachment":[{"href":"https:\/\/pescay.com\/index.php?rest_route=%2Fwp%2Fv2%2Fmedia&parent=7"}],"curies":[{"name":"wp","href":"https:\/\/api.w.org\/{rel}","templated":true}]}}