{"id":223,"date":"2024-01-18T17:21:54","date_gmt":"2024-01-18T17:21:54","guid":{"rendered":"https:\/\/gazondepescay.live-website.com\/?page_id=223"},"modified":"2026-03-05T22:47:02","modified_gmt":"2026-03-05T22:47:02","slug":"calculer","status":"publish","type":"page","link":"https:\/\/pescay.com\/?page_id=223","title":{"rendered":"calculer"},"content":{"rendered":"\t\t<div data-elementor-type=\"wp-page\" data-elementor-id=\"223\" class=\"elementor elementor-223\">\n\t\t\t\t<div class=\"elementor-element elementor-element-407320d e-flex e-con-boxed e-con e-parent\" data-id=\"407320d\" data-element_type=\"container\" data-e-type=\"container\" data-settings=\"{&quot;background_background&quot;:&quot;classic&quot;}\">\n\t\t\t\t\t<div class=\"e-con-inner\">\n\t\t\t\t<div class=\"elementor-element elementor-element-487551c elementor-widget elementor-widget-heading\" data-id=\"487551c\" data-element_type=\"widget\" data-e-type=\"widget\" data-widget_type=\"heading.default\">\n\t\t\t\t<div class=\"elementor-widget-container\">\n\t\t\t\t\t<h1 class=\"elementor-heading-title elementor-size-default\">Calculer votre gazon<\/h1>\t\t\t\t<\/div>\n\t\t\t\t<\/div>\n\t\t\t\t\t<\/div>\n\t\t\t\t<\/div>\n\t\t<div class=\"elementor-element elementor-element-26f25df e-flex e-con-boxed e-con e-parent\" data-id=\"26f25df\" data-element_type=\"container\" data-e-type=\"container\" data-settings=\"{&quot;background_background&quot;:&quot;classic&quot;}\">\n\t\t\t\t\t<div class=\"e-con-inner\">\n\t\t\t\t<div class=\"elementor-element elementor-element-4117343 e-transform e-transform e-transform elementor-invisible elementor-widget elementor-widget-image\" data-id=\"4117343\" data-element_type=\"widget\" data-e-type=\"widget\" data-settings=\"{&quot;_animation&quot;:&quot;fadeInUp&quot;,&quot;_transform_translateY_effect_mobile&quot;:{&quot;unit&quot;:&quot;px&quot;,&quot;size&quot;:0,&quot;sizes&quot;:[]},&quot;_transform_scale_effect_tablet&quot;:{&quot;unit&quot;:&quot;px&quot;,&quot;size&quot;:1,&quot;sizes&quot;:[]},&quot;_transform_skewY_effect_tablet&quot;:{&quot;unit&quot;:&quot;deg&quot;,&quot;size&quot;:0,&quot;sizes&quot;:[]},&quot;_transform_translateX_effect&quot;:{&quot;unit&quot;:&quot;px&quot;,&quot;size&quot;:&quot;&quot;,&quot;sizes&quot;:[]},&quot;_transform_translateX_effect_tablet&quot;:{&quot;unit&quot;:&quot;px&quot;,&quot;size&quot;:&quot;&quot;,&quot;sizes&quot;:[]},&quot;_transform_translateX_effect_mobile&quot;:{&quot;unit&quot;:&quot;px&quot;,&quot;size&quot;:&quot;&quot;,&quot;sizes&quot;:[]},&quot;_transform_translateY_effect&quot;:{&quot;unit&quot;:&quot;px&quot;,&quot;size&quot;:&quot;&quot;,&quot;sizes&quot;:[]},&quot;_transform_translateY_effect_tablet&quot;:{&quot;unit&quot;:&quot;px&quot;,&quot;size&quot;:&quot;&quot;,&quot;sizes&quot;:[]},&quot;_transform_scale_effect&quot;:{&quot;unit&quot;:&quot;px&quot;,&quot;size&quot;:&quot;&quot;,&quot;sizes&quot;:[]},&quot;_transform_scale_effect_mobile&quot;:{&quot;unit&quot;:&quot;px&quot;,&quot;size&quot;:&quot;&quot;,&quot;sizes&quot;:[]},&quot;_transform_skewX_effect&quot;:{&quot;unit&quot;:&quot;px&quot;,&quot;size&quot;:&quot;&quot;,&quot;sizes&quot;:[]},&quot;_transform_skewX_effect_tablet&quot;:{&quot;unit&quot;:&quot;deg&quot;,&quot;size&quot;:&quot;&quot;,&quot;sizes&quot;:[]},&quot;_transform_skewX_effect_mobile&quot;:{&quot;unit&quot;:&quot;deg&quot;,&quot;size&quot;:&quot;&quot;,&quot;sizes&quot;:[]},&quot;_transform_skewY_effect&quot;:{&quot;unit&quot;:&quot;px&quot;,&quot;size&quot;:&quot;&quot;,&quot;sizes&quot;:[]},&quot;_transform_skewY_effect_mobile&quot;:{&quot;unit&quot;:&quot;deg&quot;,&quot;size&quot;:&quot;&quot;,&quot;sizes&quot;:[]}}\" data-widget_type=\"image.default\">\n\t\t\t\t<div class=\"elementor-widget-container\">\n\t\t\t\t\t\t\t\t\t\t\t\t\t\t\t<img fetchpriority=\"high\" decoding=\"async\" width=\"900\" height=\"711\" src=\"https:\/\/pescay.com\/wp-content\/uploads\/2024\/01\/calculate.png\" class=\"attachment-large size-large wp-image-230\" alt=\"Calculer le gazon dont vous avez besoin.\" srcset=\"https:\/\/pescay.com\/wp-content\/uploads\/2024\/01\/calculate.png 900w, https:\/\/pescay.com\/wp-content\/uploads\/2024\/01\/calculate-300x237.png 300w, https:\/\/pescay.com\/wp-content\/uploads\/2024\/01\/calculate-768x607.png 768w, https:\/\/pescay.com\/wp-content\/uploads\/2024\/01\/calculate-230x182.png 230w, https:\/\/pescay.com\/wp-content\/uploads\/2024\/01\/calculate-350x277.png 350w, https:\/\/pescay.com\/wp-content\/uploads\/2024\/01\/calculate-480x379.png 480w\" sizes=\"(max-width: 900px) 100vw, 900px\" \/>\t\t\t\t\t\t\t\t\t\t\t\t\t\t\t<\/div>\n\t\t\t\t<\/div>\n\t\t\t\t\t<\/div>\n\t\t\t\t<\/div>\n\t\t<div class=\"elementor-element elementor-element-33d5b26 e-flex e-con-boxed e-con e-parent\" data-id=\"33d5b26\" data-element_type=\"container\" data-e-type=\"container\" data-settings=\"{&quot;background_background&quot;:&quot;classic&quot;}\">\n\t\t\t\t\t<div class=\"e-con-inner\">\n\t\t<div class=\"elementor-element elementor-element-4f8eda5 e-con-full e-flex e-con e-child\" data-id=\"4f8eda5\" data-element_type=\"container\" data-e-type=\"container\">\n\t\t\t\t<div class=\"elementor-element elementor-element-55462c9 elementor-widget elementor-widget-text-editor\" data-id=\"55462c9\" data-element_type=\"widget\" data-e-type=\"widget\" data-widget_type=\"text-editor.default\">\n\t\t\t\t<div class=\"elementor-widget-container\">\n\t\t\t\t\t\t\t\t\t<p>Calculer l&rsquo;exacte quantit\u00e9 de gazon demande quelques minutes de reflexion.<br \/><span style=\"color: var(--sydney-text-color); text-align: var(--text-align);\">En cas de doutes, n\u2019h\u00e9sitez pas \u00e0 nous contacter.<\/span><\/p><p><span style=\"color: var(--sydney-text-color); text-align: var(--text-align);\">Les rouleaux de gazon de Pesc\u00e4y, sont de 40cm de largeur pour 150 cm de longueur (2cm d\u2019\u00e9paisseur pour 12-14 kg) ce qui vous donne un surface de 0,6m\u00b2 par rouleau.<\/span><\/p><p><span style=\"color: var(--sydney-text-color); text-align: var(--text-align);\">Pour mesurer votre terrain : multiplier la longueur moyenne par la largeur moyenne afin de d\u00e9terminer la quantit\u00e9 de gazon dont vous aurez besoin.\u00a0<\/span><span style=\"text-align: var(--text-align); color: var(--sydney-text-color);\">Si vous mesurez un terrain irr\u00e9guli\u00e8rement form\u00e9, il sera plus facile de le diviser\u00a0<\/span><span style=\"text-align: var(--text-align); color: var(--sydney-text-color);\">en plus petites formes regulieres.<\/span><\/p><p><span style=\"color: var(--sydney-text-color); text-align: var(--text-align);\">Nous ajouterons sur votre commande un suppl\u00e9ment pour couvrir les irr\u00e9gularit\u00e9s\u00a0<\/span><span style=\"text-align: var(--text-align); color: var(--sydney-text-color);\">du terrain et la taille les bordures.<\/span><\/p>\t\t\t\t\t\t\t\t<\/div>\n\t\t\t\t<\/div>\n\t\t\t\t<\/div>\n\t\t<div class=\"elementor-element elementor-element-d297375 e-con-full e-flex e-con e-child\" data-id=\"d297375\" data-element_type=\"container\" data-e-type=\"container\">\n\t\t\t\t<div class=\"elementor-element elementor-element-912613a elementor-widget elementor-widget-image\" data-id=\"912613a\" data-element_type=\"widget\" data-e-type=\"widget\" data-widget_type=\"image.default\">\n\t\t\t\t<div class=\"elementor-widget-container\">\n\t\t\t\t\t\t\t\t\t\t\t\t\t\t\t<img decoding=\"async\" width=\"449\" height=\"436\" src=\"https:\/\/pescay.com\/wp-content\/uploads\/2024\/01\/calcul_chiffres.png\" class=\"attachment-large size-large wp-image-231\" alt=\"Comment calculer le gazon n\u00e9cessaire\" srcset=\"https:\/\/pescay.com\/wp-content\/uploads\/2024\/01\/calcul_chiffres.png 449w, https:\/\/pescay.com\/wp-content\/uploads\/2024\/01\/calcul_chiffres-300x291.png 300w, https:\/\/pescay.com\/wp-content\/uploads\/2024\/01\/calcul_chiffres-230x223.png 230w, https:\/\/pescay.com\/wp-content\/uploads\/2024\/01\/calcul_chiffres-350x340.png 350w\" sizes=\"(max-width: 449px) 100vw, 449px\" \/>\t\t\t\t\t\t\t\t\t\t\t\t\t\t\t<\/div>\n\t\t\t\t<\/div>\n\t\t\t\t<\/div>\n\t\t\t\t\t<\/div>\n\t\t\t\t<\/div>\n\t\t\t\t<\/div>\n\t\t","protected":false},"excerpt":{"rendered":"<p>Calculer votre gazon Calculer l&rsquo;exacte quantit\u00e9 de gazon demande quelques minutes de reflexion.En cas de doutes, n\u2019h\u00e9sitez pas \u00e0 nous contacter. Les [&hellip;]<\/p>\n","protected":false},"author":1,"featured_media":230,"parent":0,"menu_order":0,"comment_status":"closed","ping_status":"closed","template":"","meta":{"footnotes":""},"class_list":["post-223","page","type-page","status-publish","has-post-thumbnail","hentry"],"yoast_head":"<!-- This site is optimized with the Yoast SEO plugin v27.4 - https:\/\/yoast.com\/product\/yoast-seo-wordpress\/ -->\n<title>calculer - pescay<\/title>\n<meta name=\"description\" content=\"Calculez la quantit\u00e9 exacte de rouleaux de gazon dont vous avez besoin pour couvrir parfaitement votre jardin.\" \/>\n<meta name=\"robots\" content=\"index, follow, max-snippet:-1, max-image-preview:large, max-video-preview:-1\" \/>\n<link rel=\"canonical\" href=\"https:\/\/pescay.com\/?page_id=223\" \/>\n<meta property=\"og:locale\" content=\"fr_FR\" \/>\n<meta property=\"og:type\" content=\"article\" \/>\n<meta property=\"og:title\" content=\"calculer - pescay\" \/>\n<meta property=\"og:description\" content=\"Calculez la quantit\u00e9 exacte de rouleaux de gazon dont vous avez besoin pour couvrir parfaitement votre jardin.\" \/>\n<meta property=\"og:url\" content=\"https:\/\/pescay.com\/?page_id=223\" \/>\n<meta property=\"og:site_name\" content=\"pescay\" \/>\n<meta property=\"article:publisher\" content=\"https:\/\/www.facebook.com\/Gazondepescay\" \/>\n<meta property=\"article:modified_time\" content=\"2026-03-05T22:47:02+00:00\" \/>\n<meta property=\"og:image\" content=\"https:\/\/pescay.com\/wp-content\/uploads\/2024\/01\/calculate.png\" \/>\n\t<meta property=\"og:image:width\" content=\"900\" \/>\n\t<meta property=\"og:image:height\" content=\"711\" \/>\n\t<meta property=\"og:image:type\" content=\"image\/png\" \/>\n<meta name=\"twitter:card\" content=\"summary_large_image\" \/>\n<meta name=\"twitter:label1\" content=\"Dur\u00e9e de lecture estim\u00e9e\" \/>\n\t<meta name=\"twitter:data1\" content=\"1 minute\" \/>\n<script type=\"application\/ld+json\" class=\"yoast-schema-graph\">{\"@context\":\"https:\\\/\\\/schema.org\",\"@graph\":[{\"@type\":\"WebPage\",\"@id\":\"https:\\\/\\\/pescay.com\\\/?page_id=223\",\"url\":\"https:\\\/\\\/pescay.com\\\/?page_id=223\",\"name\":\"calculer - pescay\",\"isPartOf\":{\"@id\":\"https:\\\/\\\/pescay.com\\\/#website\"},\"primaryImageOfPage\":{\"@id\":\"https:\\\/\\\/pescay.com\\\/?page_id=223#primaryimage\"},\"image\":{\"@id\":\"https:\\\/\\\/pescay.com\\\/?page_id=223#primaryimage\"},\"thumbnailUrl\":\"https:\\\/\\\/pescay.com\\\/wp-content\\\/uploads\\\/2024\\\/01\\\/calculate.png\",\"datePublished\":\"2024-01-18T17:21:54+00:00\",\"dateModified\":\"2026-03-05T22:47:02+00:00\",\"description\":\"Calculez la quantit\u00e9 exacte de rouleaux de gazon dont vous avez besoin pour couvrir parfaitement votre jardin.\",\"breadcrumb\":{\"@id\":\"https:\\\/\\\/pescay.com\\\/?page_id=223#breadcrumb\"},\"inLanguage\":\"fr-FR\",\"potentialAction\":[{\"@type\":\"ReadAction\",\"target\":[\"https:\\\/\\\/pescay.com\\\/?page_id=223\"]}]},{\"@type\":\"ImageObject\",\"inLanguage\":\"fr-FR\",\"@id\":\"https:\\\/\\\/pescay.com\\\/?page_id=223#primaryimage\",\"url\":\"https:\\\/\\\/pescay.com\\\/wp-content\\\/uploads\\\/2024\\\/01\\\/calculate.png\",\"contentUrl\":\"https:\\\/\\\/pescay.com\\\/wp-content\\\/uploads\\\/2024\\\/01\\\/calculate.png\",\"width\":900,\"height\":711,\"caption\":\"Calculer le gazon dont vous avez besoin.\"},{\"@type\":\"BreadcrumbList\",\"@id\":\"https:\\\/\\\/pescay.com\\\/?page_id=223#breadcrumb\",\"itemListElement\":[{\"@type\":\"ListItem\",\"position\":1,\"name\":\"Accueil\",\"item\":\"https:\\\/\\\/pescay.com\\\/\"},{\"@type\":\"ListItem\",\"position\":2,\"name\":\"calculer\"}]},{\"@type\":\"WebSite\",\"@id\":\"https:\\\/\\\/pescay.com\\\/#website\",\"url\":\"https:\\\/\\\/pescay.com\\\/\",\"name\":\"Gazon de Pescay\",\"description\":\"Rouleaux de gazon, France sud-ouest\",\"publisher\":{\"@id\":\"https:\\\/\\\/pescay.com\\\/#organization\"},\"alternateName\":\"Gazonni\u00e8res de Pescay\",\"potentialAction\":[{\"@type\":\"SearchAction\",\"target\":{\"@type\":\"EntryPoint\",\"urlTemplate\":\"https:\\\/\\\/pescay.com\\\/?s={search_term_string}\"},\"query-input\":{\"@type\":\"PropertyValueSpecification\",\"valueRequired\":true,\"valueName\":\"search_term_string\"}}],\"inLanguage\":\"fr-FR\"},{\"@type\":\"Organization\",\"@id\":\"https:\\\/\\\/pescay.com\\\/#organization\",\"name\":\"Gazonnieres Pescay\",\"url\":\"https:\\\/\\\/pescay.com\\\/\",\"logo\":{\"@type\":\"ImageObject\",\"inLanguage\":\"fr-FR\",\"@id\":\"https:\\\/\\\/pescay.com\\\/#\\\/schema\\\/logo\\\/image\\\/\",\"url\":\"https:\\\/\\\/pescay.com\\\/wp-content\\\/uploads\\\/2024\\\/02\\\/Site_image.jpg\",\"contentUrl\":\"https:\\\/\\\/pescay.com\\\/wp-content\\\/uploads\\\/2024\\\/02\\\/Site_image.jpg\",\"width\":1200,\"height\":675,\"caption\":\"Gazonnieres Pescay\"},\"image\":{\"@id\":\"https:\\\/\\\/pescay.com\\\/#\\\/schema\\\/logo\\\/image\\\/\"},\"sameAs\":[\"https:\\\/\\\/www.facebook.com\\\/Gazondepescay\",\"https:\\\/\\\/www.linkedin.com\\\/in\\\/gilles-bezard-falgas-932b81105\\\/\"]}]}<\/script>\n<!-- \/ Yoast SEO plugin. -->","yoast_head_json":{"title":"calculer - pescay","description":"Calculez la quantit\u00e9 exacte de rouleaux de gazon dont vous avez besoin pour couvrir parfaitement votre jardin.","robots":{"index":"index","follow":"follow","max-snippet":"max-snippet:-1","max-image-preview":"max-image-preview:large","max-video-preview":"max-video-preview:-1"},"canonical":"https:\/\/pescay.com\/?page_id=223","og_locale":"fr_FR","og_type":"article","og_title":"calculer - pescay","og_description":"Calculez la quantit\u00e9 exacte de rouleaux de gazon dont vous avez besoin pour couvrir parfaitement votre jardin.","og_url":"https:\/\/pescay.com\/?page_id=223","og_site_name":"pescay","article_publisher":"https:\/\/www.facebook.com\/Gazondepescay","article_modified_time":"2026-03-05T22:47:02+00:00","og_image":[{"width":900,"height":711,"url":"https:\/\/pescay.com\/wp-content\/uploads\/2024\/01\/calculate.png","type":"image\/png"}],"twitter_card":"summary_large_image","twitter_misc":{"Dur\u00e9e de lecture estim\u00e9e":"1 minute"},"schema":{"@context":"https:\/\/schema.org","@graph":[{"@type":"WebPage","@id":"https:\/\/pescay.com\/?page_id=223","url":"https:\/\/pescay.com\/?page_id=223","name":"calculer - pescay","isPartOf":{"@id":"https:\/\/pescay.com\/#website"},"primaryImageOfPage":{"@id":"https:\/\/pescay.com\/?page_id=223#primaryimage"},"image":{"@id":"https:\/\/pescay.com\/?page_id=223#primaryimage"},"thumbnailUrl":"https:\/\/pescay.com\/wp-content\/uploads\/2024\/01\/calculate.png","datePublished":"2024-01-18T17:21:54+00:00","dateModified":"2026-03-05T22:47:02+00:00","description":"Calculez la quantit\u00e9 exacte de rouleaux de gazon dont vous avez besoin pour couvrir parfaitement votre jardin.","breadcrumb":{"@id":"https:\/\/pescay.com\/?page_id=223#breadcrumb"},"inLanguage":"fr-FR","potentialAction":[{"@type":"ReadAction","target":["https:\/\/pescay.com\/?page_id=223"]}]},{"@type":"ImageObject","inLanguage":"fr-FR","@id":"https:\/\/pescay.com\/?page_id=223#primaryimage","url":"https:\/\/pescay.com\/wp-content\/uploads\/2024\/01\/calculate.png","contentUrl":"https:\/\/pescay.com\/wp-content\/uploads\/2024\/01\/calculate.png","width":900,"height":711,"caption":"Calculer le gazon dont vous avez besoin."},{"@type":"BreadcrumbList","@id":"https:\/\/pescay.com\/?page_id=223#breadcrumb","itemListElement":[{"@type":"ListItem","position":1,"name":"Accueil","item":"https:\/\/pescay.com\/"},{"@type":"ListItem","position":2,"name":"calculer"}]},{"@type":"WebSite","@id":"https:\/\/pescay.com\/#website","url":"https:\/\/pescay.com\/","name":"Gazon de Pescay","description":"Rouleaux de gazon, France sud-ouest","publisher":{"@id":"https:\/\/pescay.com\/#organization"},"alternateName":"Gazonni\u00e8res de Pescay","potentialAction":[{"@type":"SearchAction","target":{"@type":"EntryPoint","urlTemplate":"https:\/\/pescay.com\/?s={search_term_string}"},"query-input":{"@type":"PropertyValueSpecification","valueRequired":true,"valueName":"search_term_string"}}],"inLanguage":"fr-FR"},{"@type":"Organization","@id":"https:\/\/pescay.com\/#organization","name":"Gazonnieres Pescay","url":"https:\/\/pescay.com\/","logo":{"@type":"ImageObject","inLanguage":"fr-FR","@id":"https:\/\/pescay.com\/#\/schema\/logo\/image\/","url":"https:\/\/pescay.com\/wp-content\/uploads\/2024\/02\/Site_image.jpg","contentUrl":"https:\/\/pescay.com\/wp-content\/uploads\/2024\/02\/Site_image.jpg","width":1200,"height":675,"caption":"Gazonnieres Pescay"},"image":{"@id":"https:\/\/pescay.com\/#\/schema\/logo\/image\/"},"sameAs":["https:\/\/www.facebook.com\/Gazondepescay","https:\/\/www.linkedin.com\/in\/gilles-bezard-falgas-932b81105\/"]}]}},"_links":{"self":[{"href":"https:\/\/pescay.com\/index.php?rest_route=\/wp\/v2\/pages\/223","targetHints":{"allow":["GET"]}}],"collection":[{"href":"https:\/\/pescay.com\/index.php?rest_route=\/wp\/v2\/pages"}],"about":[{"href":"https:\/\/pescay.com\/index.php?rest_route=\/wp\/v2\/types\/page"}],"author":[{"embeddable":true,"href":"https:\/\/pescay.com\/index.php?rest_route=\/wp\/v2\/users\/1"}],"replies":[{"embeddable":true,"href":"https:\/\/pescay.com\/index.php?rest_route=%2Fwp%2Fv2%2Fcomments&post=223"}],"version-history":[{"count":13,"href":"https:\/\/pescay.com\/index.php?rest_route=\/wp\/v2\/pages\/223\/revisions"}],"predecessor-version":[{"id":1032,"href":"https:\/\/pescay.com\/index.php?rest_route=\/wp\/v2\/pages\/223\/revisions\/1032"}],"wp:featuredmedia":[{"embeddable":true,"href":"https:\/\/pescay.com\/index.php?rest_route=\/wp\/v2\/media\/230"}],"wp:attachment":[{"href":"https:\/\/pescay.com\/index.php?rest_route=%2Fwp%2Fv2%2Fmedia&parent=223"}],"curies":[{"name":"wp","href":"https:\/\/api.w.org\/{rel}","templated":true}]}}